{"id":78690,"date":"2025-02-18T12:53:55","date_gmt":"2025-02-18T11:53:55","guid":{"rendered":"https:\/\/portaldelamarina.valordeley.es\/?page_id=78690"},"modified":"2025-10-31T11:55:36","modified_gmt":"2025-10-31T10:55:36","slug":"informal-en","status":"publish","type":"page","link":"https:\/\/www.portaldelamarina.org\/en\/restaurants\/informal-en\/","title":{"rendered":"Informal restaurants in Ondara"},"content":{"rendered":"\t\t<div data-elementor-type=\"wp-page\" data-elementor-id=\"78690\" class=\"elementor elementor-78690 elementor-76902\">\n\t\t\t\t<div class=\"elementor-element elementor-element-5d5082c3 e-flex e-con-boxed e-con e-parent\" data-id=\"5d5082c3\" data-element_type=\"container\">\n\t\t\t\t\t<div class=\"e-con-inner\">\n\t\t\t\t<div class=\"elementor-element elementor-element-9b62026 elementor-hidden-desktop elementor-hidden-tablet elementor-hidden-mobile elementor-widget elementor-widget-text-editor\" data-id=\"9b62026\" data-element_type=\"widget\" data-widget_type=\"text-editor.default\">\n\t\t\t\t<div class=\"elementor-widget-container\">\n\t\t\t\t\t\t\t\t\t<p style=\"text-align: center;\">\u00bfBuscas algo informal, r\u00e1pido y sabroso? En la zona Informal de Portal de la Marina encontrar\u00e1s opciones vers\u00e1tiles para disfrutar de un bocado entre compras o una comida ligera con amigos. \u00a1Ven y haz de lo informal un momento delicioso!<\/p>\t\t\t\t\t\t\t\t<\/div>\n\t\t\t\t<\/div>\n\t\t\t\t\t<\/div>\n\t\t\t\t<\/div>\n\t\t\t\t<\/div>\n\t\t","protected":false},"excerpt":{"rendered":"<p>Looking for something casual, quick, and tasty? In the Casual Area of \u200b\u200bPortal de la Marina, you&#8217;ll find versatile options for a quick bite while shopping or a light meal with friends. Come and make casual a delicious experience!<\/p>\n","protected":false},"author":3,"featured_media":1921,"parent":78667,"menu_order":0,"comment_status":"closed","ping_status":"closed","template":"page-restaurantes.php","meta":{"footnotes":""},"class_list":["post-78690","page","type-page","status-publish","has-post-thumbnail","hentry"],"yoast_head":"<!-- This site is optimized with the Yoast SEO plugin v25.4 - https:\/\/yoast.com\/wordpress\/plugins\/seo\/ -->\n<title>Informal restaurants in Ondara | Portal de la Marina Shopping Center<\/title>\n<meta name=\"description\" content=\"Looking for casual restaurants in Ondara?\" \/>\n<meta name=\"robots\" content=\"index, follow, max-snippet:-1, max-image-preview:large, max-video-preview:-1\" \/>\n<link rel=\"canonical\" href=\"https:\/\/www.portaldelamarina.org\/en\/restaurants\/informal-en\/\" \/>\n<meta property=\"og:locale\" content=\"en_US\" \/>\n<meta property=\"og:type\" content=\"article\" \/>\n<meta property=\"og:title\" content=\"Informal restaurants in Ondara | Portal de la Marina Shopping Center\" \/>\n<meta property=\"og:description\" content=\"Looking for casual restaurants in Ondara?\" \/>\n<meta property=\"og:url\" content=\"https:\/\/www.portaldelamarina.org\/en\/restaurants\/informal-en\/\" \/>\n<meta property=\"og:site_name\" content=\"Centro Comercial Portal de la Marina\" \/>\n<meta property=\"article:modified_time\" content=\"2025-10-31T10:55:36+00:00\" \/>\n<meta name=\"twitter:card\" content=\"summary_large_image\" \/>\n<meta name=\"twitter:label1\" content=\"Est. reading time\" \/>\n\t<meta name=\"twitter:data1\" content=\"1 minute\" \/>\n<!-- \/ Yoast SEO plugin. -->","yoast_head_json":{"title":"Informal restaurants in Ondara | Portal de la Marina Shopping Center","description":"Looking for casual restaurants in Ondara?","robots":{"index":"index","follow":"follow","max-snippet":"max-snippet:-1","max-image-preview":"max-image-preview:large","max-video-preview":"max-video-preview:-1"},"canonical":"https:\/\/www.portaldelamarina.org\/en\/restaurants\/informal-en\/","og_locale":"en_US","og_type":"article","og_title":"Informal restaurants in Ondara | Portal de la Marina Shopping Center","og_description":"Looking for casual restaurants in Ondara?","og_url":"https:\/\/www.portaldelamarina.org\/en\/restaurants\/informal-en\/","og_site_name":"Centro Comercial Portal de la Marina","article_modified_time":"2025-10-31T10:55:36+00:00","twitter_card":"summary_large_image","twitter_misc":{"Est. reading time":"1 minute"},"schema":{"@context":"https:\/\/schema.org","@graph":[{"@type":"WebPage","@id":"https:\/\/www.portaldelamarina.org\/en\/restaurants\/informal-en\/","url":"https:\/\/www.portaldelamarina.org\/en\/restaurants\/informal-en\/","name":"Informal restaurants in Ondara | Portal de la Marina Shopping Center","isPartOf":{"@id":"https:\/\/www.portaldelamarina.org\/en\/#website"},"primaryImageOfPage":{"@id":"https:\/\/www.portaldelamarina.org\/en\/restaurants\/informal-en\/#primaryimage"},"image":{"@id":"https:\/\/www.portaldelamarina.org\/en\/restaurants\/informal-en\/#primaryimage"},"thumbnailUrl":"","datePublished":"2025-02-18T11:53:55+00:00","dateModified":"2025-10-31T10:55:36+00:00","description":"Looking for casual restaurants in Ondara?","breadcrumb":{"@id":"https:\/\/www.portaldelamarina.org\/en\/restaurants\/informal-en\/#breadcrumb"},"inLanguage":"en-US","potentialAction":[{"@type":"ReadAction","target":["https:\/\/www.portaldelamarina.org\/en\/restaurants\/informal-en\/"]}]},{"@type":"ImageObject","inLanguage":"en-US","@id":"https:\/\/www.portaldelamarina.org\/en\/restaurants\/informal-en\/#primaryimage","url":"","contentUrl":""},{"@type":"BreadcrumbList","@id":"https:\/\/www.portaldelamarina.org\/en\/restaurants\/informal-en\/#breadcrumb","itemListElement":[{"@type":"ListItem","position":1,"name":"Portada","item":"https:\/\/www.portaldelamarina.org\/en\/"},{"@type":"ListItem","position":2,"name":"Restaurants in Ondara","item":"https:\/\/www.portaldelamarina.org\/en\/restaurants\/"},{"@type":"ListItem","position":3,"name":"Informal restaurants in Ondara"}]},{"@type":"WebSite","@id":"https:\/\/www.portaldelamarina.org\/en\/#website","url":"https:\/\/www.portaldelamarina.org\/en\/","name":"Centro Comercial Portal de la Marina","description":"Centro Comercial Ondara | Portal de la Marina","publisher":{"@id":"https:\/\/www.portaldelamarina.org\/en\/#organization"},"potentialAction":[{"@type":"SearchAction","target":{"@type":"EntryPoint","urlTemplate":"https:\/\/www.portaldelamarina.org\/en\/?s={search_term_string}"},"query-input":{"@type":"PropertyValueSpecification","valueRequired":true,"valueName":"search_term_string"}}],"inLanguage":"en-US"},{"@type":"Organization","@id":"https:\/\/www.portaldelamarina.org\/en\/#organization","name":"Portal de la Marina","alternateName":"Centro Comercial Ondara | Portal de la Marina","url":"https:\/\/www.portaldelamarina.org\/en\/","logo":{"@type":"ImageObject","inLanguage":"en-US","@id":"https:\/\/www.portaldelamarina.org\/en\/#\/schema\/logo\/image\/","url":"https:\/\/www.portaldelamarina.org\/wp-content\/uploads\/2024\/10\/cropped-favicon-portal-de-la-marina.jpg","contentUrl":"https:\/\/www.portaldelamarina.org\/wp-content\/uploads\/2024\/10\/cropped-favicon-portal-de-la-marina.jpg","width":512,"height":512,"caption":"Portal de la Marina"},"image":{"@id":"https:\/\/www.portaldelamarina.org\/en\/#\/schema\/logo\/image\/"}}]}},"publishpress_future_action":{"enabled":false,"date":"2026-05-07 18:18:13","action":"change-status","newStatus":"draft","terms":[],"taxonomy":"translation_priority"},"publishpress_future_workflow_manual_trigger":{"enabledWorkflows":[]},"_links":{"self":[{"href":"https:\/\/www.portaldelamarina.org\/en\/wp-json\/wp\/v2\/pages\/78690","targetHints":{"allow":["GET"]}}],"collection":[{"href":"https:\/\/www.portaldelamarina.org\/en\/wp-json\/wp\/v2\/pages"}],"about":[{"href":"https:\/\/www.portaldelamarina.org\/en\/wp-json\/wp\/v2\/types\/page"}],"author":[{"embeddable":true,"href":"https:\/\/www.portaldelamarina.org\/en\/wp-json\/wp\/v2\/users\/3"}],"replies":[{"embeddable":true,"href":"https:\/\/www.portaldelamarina.org\/en\/wp-json\/wp\/v2\/comments?post=78690"}],"version-history":[{"count":4,"href":"https:\/\/www.portaldelamarina.org\/en\/wp-json\/wp\/v2\/pages\/78690\/revisions"}],"predecessor-version":[{"id":83268,"href":"https:\/\/www.portaldelamarina.org\/en\/wp-json\/wp\/v2\/pages\/78690\/revisions\/83268"}],"up":[{"embeddable":true,"href":"https:\/\/www.portaldelamarina.org\/en\/wp-json\/wp\/v2\/pages\/78667"}],"wp:featuredmedia":[{"embeddable":true,"href":"https:\/\/www.portaldelamarina.org\/en\/wp-json\/"}],"wp:attachment":[{"href":"https:\/\/www.portaldelamarina.org\/en\/wp-json\/wp\/v2\/media?parent=78690"}],"curies":[{"name":"wp","href":"https:\/\/api.w.org\/{rel}","templated":true}]}}