{"id":79168,"date":"2025-02-20T17:06:02","date_gmt":"2025-02-20T16:06:02","guid":{"rendered":"https:\/\/portaldelamarina.valordeley.es\/?page_id=79168"},"modified":"2025-10-31T11:22:51","modified_gmt":"2025-10-31T10:22:51","slug":"club-raffles-and-events","status":"publish","type":"page","link":"https:\/\/www.portaldelamarina.org\/en\/club-of-the-disfrutones\/club-raffles-and-events\/","title":{"rendered":"Club raffles and events"},"content":{"rendered":"\t\t<div data-elementor-type=\"wp-page\" data-elementor-id=\"79168\" class=\"elementor elementor-79168 elementor-78223\">\n\t\t\t\t\t\t<section class=\"elementor-section elementor-top-section elementor-element elementor-element-60d2c88 elementor-section-height-min-height elementor-hidden-mobile elementor-hidden-tablet elementor-section-boxed elementor-section-height-default elementor-section-items-middle\" data-id=\"60d2c88\" data-element_type=\"section\" data-e-type=\"section\" data-settings=\"{&quot;background_background&quot;:&quot;classic&quot;}\">\n\t\t\t\t\t\t<div class=\"elementor-container elementor-column-gap-default\">\n\t\t\t\t\t<div class=\" elementor-column elementor-col-100 elementor-top-column elementor-element elementor-element-486d9fa\" data-fullscreen-column-settings=\"{&quot;fullscreen&quot;:&quot;&quot;}\" data-id=\"486d9fa\" data-element_type=\"column\" data-e-type=\"column\">\n\t\t\t<div class=\"elementor-widget-wrap\">\n\t\t\t\t\t\t\t<\/div>\n\t\t<\/div>\n\t\t\t\t\t<\/div>\n\t\t<\/section>\n\t\t<div class=\"elementor-element elementor-element-655235f e-flex e-con-boxed e-con e-parent\" data-id=\"655235f\" data-element_type=\"container\" data-e-type=\"container\" data-settings=\"{&quot;background_background&quot;:&quot;classic&quot;}\">\n\t\t\t\t\t<div class=\"e-con-inner\">\n\t\t<div class=\"elementor-element elementor-element-67b9cfc e-con-full e-flex e-con e-child\" data-id=\"67b9cfc\" data-element_type=\"container\" data-e-type=\"container\">\n\t\t\t\t<div class=\"elementor-element elementor-element-e576afc elementor-widget elementor-widget-heading\" data-id=\"e576afc\" data-element_type=\"widget\" data-e-type=\"widget\" data-widget_type=\"heading.default\">\n\t\t\t\t<div class=\"elementor-widget-container\">\n\t\t\t\t\t<h1 class=\"elementor-heading-title elementor-size-default\">Club raffles and events<\/h1>\t\t\t\t<\/div>\n\t\t\t\t<\/div>\n\t\t\t\t<\/div>\n\t\t\t\t\t<\/div>\n\t\t\t\t<\/div>\n\t\t\t\t<section class=\"elementor-section elementor-top-section elementor-element elementor-element-aadb19d elementor-section-boxed elementor-section-height-default elementor-section-height-default\" data-id=\"aadb19d\" data-element_type=\"section\" data-e-type=\"section\">\n\t\t\t\t\t\t<div class=\"elementor-container elementor-column-gap-default\">\n\t\t\t\t\t<div class=\" elementor-column elementor-col-100 elementor-top-column elementor-element elementor-element-46c6ffb\" data-fullscreen-column-settings=\"{&quot;fullscreen&quot;:&quot;&quot;}\" data-id=\"46c6ffb\" data-element_type=\"column\" data-e-type=\"column\">\n\t\t\t<div class=\"elementor-widget-wrap elementor-element-populated\">\n\t\t\t\t\t\t<div class=\"elementor-element elementor-element-583c31a elementor-widget elementor-widget-shortcode\" data-id=\"583c31a\" data-element_type=\"widget\" data-e-type=\"widget\" data-widget_type=\"shortcode.default\">\n\t\t\t\t<div class=\"elementor-widget-container\">\n\t\t\t\t\t\t\t<div class=\"elementor-shortcode\"><div class=\"eventos-sorteos\">\n<article class=\"item-evento\" id=\"a0QQs00000VPgf3MAD\">\n    <div class=\"row\">\n        <div class=\"col-md-4 fechaspromocion\">\n            <div class=\"foto\"><img decoding=\"async\" src=\"https:\/\/storage.googleapis.com\/g-lar--cent-commerc--pro--statics--4257\/sites\/11\/2026\/04\/745x450px_evento_app_sorteo_aniversario_Mesa-de-trabajo-1-copia.jpg\" title=\"Promociones Sorteo gafas Opticalia Aniversario Club de los Disfrutones PDLM 2026\" alt=\"Promociones Sorteo gafas Opticalia Aniversario Club de los Disfrutones PDLM 2026\"><\/div>\n            <div class=\"post_fecha_new\"><time> Del <strong>01<\/strong><\/time><time> <strong>May<\/strong><\/time><time> al <strong>31<\/strong><\/time><time> <strong>May<\/strong><\/time><\/div>\n        <\/div>\n        <div class=\"col-md-8\">\n            <div class=\"content\">\n                <div class=\"row\">\n                    <div class=\"col-md-9\">\n                        <h2>Sorteo gafas Opticalia Aniversario Club de los Disfrutones PDLM 2026<\/h2>\n                        <p>Seguimos celebrando a lo grande, y queremos que lo hagas con la mejor mirada. Por eso sorteamos unas gafas Polaroid de Opticalia. \u00a1No dejes pasar la oportunidad! \nEl sorteo estar\u00e1 activo del 1 al 31 de mayo.\nHaz click en el bot\u00f3n de a continuaci\u00f3n y participa.<\/p>\n                    <\/div>\n                <\/div>\n                <div class=\"row\">\n                    <div class=\"col-md-12\">\n                        <a href=\"https:\/\/www.elclubdelosdisfrutones.com\/Intro\" class=\"btn\">Participa<\/a>\n                    <\/div>\n                <\/div>\n            <\/div>\n        <\/div>\n    <\/div>\n<\/article>\n<article class=\"item-evento\" id=\"a0QQs00000VPgf2MAD\">\n    <div class=\"row\">\n        <div class=\"col-md-4 fechaspromocion\">\n            <div class=\"foto\"><img decoding=\"async\" src=\"https:\/\/storage.googleapis.com\/g-lar--cent-commerc--pro--statics--4257\/sites\/11\/2026\/04\/745x450px_evento_app_sorteo_aniversario_Mesa-de-trabajo-1-copia-2.jpg\" title=\"Promociones Sorteo Roadsufer Aniversario Club de los Disfrutones PDLM 2026\" alt=\"Promociones Sorteo Roadsufer Aniversario Club de los Disfrutones PDLM 2026\"><\/div>\n            <div class=\"post_fecha_new\"><time> Del <strong>01<\/strong><\/time><time> <strong>May<\/strong><\/time><time> al <strong>31<\/strong><\/time><time> <strong>May<\/strong><\/time><\/div>\n        <\/div>\n        <div class=\"col-md-8\">\n            <div class=\"content\">\n                <div class=\"row\">\n                    <div class=\"col-md-9\">\n                        <h2>Sorteo Roadsufer Aniversario Club de los Disfrutones PDLM 2026<\/h2>\n                        <p>Sorteamos un viaje de 7 d\u00edas en camper Roadsurfer. As\u00ed que no dejes pasar la oportunidad de vivir tu pr\u00f3xima aventura sobre ruedas.\nEl sorteo estar\u00e1 activo del 1 al 31 de mayo.\nHaz click en el bot\u00f3n de a continuaci\u00f3n y participa.<\/p>\n                    <\/div>\n                <\/div>\n                <div class=\"row\">\n                    <div class=\"col-md-12\">\n                        <a href=\"https:\/\/www.elclubdelosdisfrutones.com\/Intro\" class=\"btn\">Participa<\/a>\n                    <\/div>\n                <\/div>\n            <\/div>\n        <\/div>\n    <\/div>\n<\/article><\/div><\/div>\n\t\t\t\t\t\t<\/div>\n\t\t\t\t<\/div>\n\t\t\t\t\t<\/div>\n\t\t<\/div>\n\t\t\t\t\t<\/div>\n\t\t<\/section>\n\t\t\t\t<\/div>\n\t\t","protected":false},"excerpt":{"rendered":"<p>Club raffles and events<\/p>\n","protected":false},"author":3,"featured_media":0,"parent":79155,"menu_order":233,"comment_status":"closed","ping_status":"closed","template":"","meta":{"footnotes":""},"class_list":["post-79168","page","type-page","status-publish","hentry"],"yoast_head":"<!-- This site is optimized with the Yoast SEO plugin v27.5 - https:\/\/yoast.com\/product\/yoast-seo-wordpress\/ -->\n<title>Club raffles and events | Portal de la Marina Shopping Center<\/title>\n<meta name=\"description\" content=\"Club raffles and events\" \/>\n<meta name=\"robots\" content=\"index, follow, max-snippet:-1, max-image-preview:large, max-video-preview:-1\" \/>\n<link rel=\"canonical\" href=\"https:\/\/www.portaldelamarina.org\/en\/club-of-the-disfrutones\/club-raffles-and-events\/\" \/>\n<meta property=\"og:locale\" content=\"en_US\" \/>\n<meta property=\"og:type\" content=\"article\" \/>\n<meta property=\"og:title\" content=\"Club raffles and events | Portal de la Marina Shopping Center\" \/>\n<meta property=\"og:description\" content=\"Club raffles and events\" \/>\n<meta property=\"og:url\" content=\"https:\/\/www.portaldelamarina.org\/en\/club-of-the-disfrutones\/club-raffles-and-events\/\" \/>\n<meta property=\"og:site_name\" content=\"Centro Comercial Portal de la Marina\" \/>\n<meta property=\"article:modified_time\" content=\"2025-10-31T10:22:51+00:00\" \/>\n<meta name=\"twitter:card\" content=\"summary_large_image\" \/>\n<meta name=\"twitter:label1\" content=\"Est. reading time\" \/>\n\t<meta name=\"twitter:data1\" content=\"1 minute\" \/>\n<!-- \/ Yoast SEO plugin. -->","yoast_head_json":{"title":"Club raffles and events | Portal de la Marina Shopping Center","description":"Club raffles and events","robots":{"index":"index","follow":"follow","max-snippet":"max-snippet:-1","max-image-preview":"max-image-preview:large","max-video-preview":"max-video-preview:-1"},"canonical":"https:\/\/www.portaldelamarina.org\/en\/club-of-the-disfrutones\/club-raffles-and-events\/","og_locale":"en_US","og_type":"article","og_title":"Club raffles and events | Portal de la Marina Shopping Center","og_description":"Club raffles and events","og_url":"https:\/\/www.portaldelamarina.org\/en\/club-of-the-disfrutones\/club-raffles-and-events\/","og_site_name":"Centro Comercial Portal de la Marina","article_modified_time":"2025-10-31T10:22:51+00:00","twitter_card":"summary_large_image","twitter_misc":{"Est. reading time":"1 minute"},"schema":{"@context":"https:\/\/schema.org","@graph":[{"@type":"WebPage","@id":"https:\/\/www.portaldelamarina.org\/en\/club-of-the-disfrutones\/club-raffles-and-events\/","url":"https:\/\/www.portaldelamarina.org\/en\/club-of-the-disfrutones\/club-raffles-and-events\/","name":"Club raffles and events | Portal de la Marina Shopping Center","isPartOf":{"@id":"https:\/\/www.portaldelamarina.org\/en\/#website"},"datePublished":"2025-02-20T16:06:02+00:00","dateModified":"2025-10-31T10:22:51+00:00","description":"Club raffles and events","breadcrumb":{"@id":"https:\/\/www.portaldelamarina.org\/en\/club-of-the-disfrutones\/club-raffles-and-events\/#breadcrumb"},"inLanguage":"en-US","potentialAction":[{"@type":"ReadAction","target":["https:\/\/www.portaldelamarina.org\/en\/club-of-the-disfrutones\/club-raffles-and-events\/"]}]},{"@type":"BreadcrumbList","@id":"https:\/\/www.portaldelamarina.org\/en\/club-of-the-disfrutones\/club-raffles-and-events\/#breadcrumb","itemListElement":[{"@type":"ListItem","position":1,"name":"Portada","item":"https:\/\/www.portaldelamarina.org\/en\/"},{"@type":"ListItem","position":2,"name":"Club of the disfrutones","item":"https:\/\/www.portaldelamarina.org\/en\/club-of-the-disfrutones\/"},{"@type":"ListItem","position":3,"name":"Club raffles and events"}]},{"@type":"WebSite","@id":"https:\/\/www.portaldelamarina.org\/en\/#website","url":"https:\/\/www.portaldelamarina.org\/en\/","name":"Centro Comercial Portal de la Marina","description":"Centro Comercial Ondara | Portal de la Marina","publisher":{"@id":"https:\/\/www.portaldelamarina.org\/en\/#organization"},"potentialAction":[{"@type":"SearchAction","target":{"@type":"EntryPoint","urlTemplate":"https:\/\/www.portaldelamarina.org\/en\/?s={search_term_string}"},"query-input":{"@type":"PropertyValueSpecification","valueRequired":true,"valueName":"search_term_string"}}],"inLanguage":"en-US"},{"@type":"Organization","@id":"https:\/\/www.portaldelamarina.org\/en\/#organization","name":"Portal de la Marina","alternateName":"Centro Comercial Ondara | Portal de la Marina","url":"https:\/\/www.portaldelamarina.org\/en\/","logo":{"@type":"ImageObject","inLanguage":"en-US","@id":"https:\/\/www.portaldelamarina.org\/en\/#\/schema\/logo\/image\/","url":"https:\/\/www.portaldelamarina.org\/wp-content\/uploads\/2024\/10\/cropped-favicon-portal-de-la-marina.jpg","contentUrl":"https:\/\/www.portaldelamarina.org\/wp-content\/uploads\/2024\/10\/cropped-favicon-portal-de-la-marina.jpg","width":512,"height":512,"caption":"Portal de la Marina"},"image":{"@id":"https:\/\/www.portaldelamarina.org\/en\/#\/schema\/logo\/image\/"}}]}},"publishpress_future_action":{"enabled":false,"date":"2026-05-12 18:53:01","action":"change-status","newStatus":"draft","terms":[],"taxonomy":"translation_priority","extraData":[]},"publishpress_future_workflow_manual_trigger":{"enabledWorkflows":[]},"_links":{"self":[{"href":"https:\/\/www.portaldelamarina.org\/en\/wp-json\/wp\/v2\/pages\/79168","targetHints":{"allow":["GET"]}}],"collection":[{"href":"https:\/\/www.portaldelamarina.org\/en\/wp-json\/wp\/v2\/pages"}],"about":[{"href":"https:\/\/www.portaldelamarina.org\/en\/wp-json\/wp\/v2\/types\/page"}],"author":[{"embeddable":true,"href":"https:\/\/www.portaldelamarina.org\/en\/wp-json\/wp\/v2\/users\/3"}],"replies":[{"embeddable":true,"href":"https:\/\/www.portaldelamarina.org\/en\/wp-json\/wp\/v2\/comments?post=79168"}],"version-history":[{"count":11,"href":"https:\/\/www.portaldelamarina.org\/en\/wp-json\/wp\/v2\/pages\/79168\/revisions"}],"predecessor-version":[{"id":83235,"href":"https:\/\/www.portaldelamarina.org\/en\/wp-json\/wp\/v2\/pages\/79168\/revisions\/83235"}],"up":[{"embeddable":true,"href":"https:\/\/www.portaldelamarina.org\/en\/wp-json\/wp\/v2\/pages\/79155"}],"wp:attachment":[{"href":"https:\/\/www.portaldelamarina.org\/en\/wp-json\/wp\/v2\/media?parent=79168"}],"curies":[{"name":"wp","href":"https:\/\/api.w.org\/{rel}","templated":true}]}}