{"id":80362,"date":"2025-03-19T17:12:36","date_gmt":"2025-03-19T16:12:36","guid":{"rendered":"https:\/\/portaldelamarina.valordeley.es\/?page_id=80362"},"modified":"2025-10-31T11:23:56","modified_gmt":"2025-10-31T10:23:56","slug":"terms-of-use-and-privacy-policy-of-disfrutones-club","status":"publish","type":"page","link":"https:\/\/www.portaldelamarina.org\/en\/terms-of-use-and-privacy-policy-of-disfrutones-club\/","title":{"rendered":"TERMS OF USE AND PRIVACY POLICY OF DISFRUTONES CLUB"},"content":{"rendered":"\t\t<div data-elementor-type=\"wp-page\" data-elementor-id=\"80362\" class=\"elementor elementor-80362 elementor-79758\">\n\t\t\t\t\t\t<section class=\"elementor-section elementor-top-section elementor-element elementor-element-cd655c2 elementor-section-height-min-height elementor-hidden-mobile elementor-hidden-tablet elementor-section-boxed elementor-section-height-default elementor-section-items-middle\" data-id=\"cd655c2\" data-element_type=\"section\" data-settings=\"{&quot;background_background&quot;:&quot;classic&quot;}\">\n\t\t\t\t\t\t<div class=\"elementor-container elementor-column-gap-default\">\n\t\t\t\t\t<div class=\" elementor-column elementor-col-100 elementor-top-column elementor-element elementor-element-2a13eaf\" data-fullscreen-column-settings=\"{&quot;fullscreen&quot;:&quot;&quot;}\" data-id=\"2a13eaf\" data-element_type=\"column\">\n\t\t\t<div class=\"elementor-widget-wrap\">\n\t\t\t\t\t\t\t<\/div>\n\t\t<\/div>\n\t\t\t\t\t<\/div>\n\t\t<\/section>\n\t\t\t\t<section class=\"elementor-section elementor-top-section elementor-element elementor-element-fb39c9b elementor-section-content-middle elementor-section-boxed elementor-section-height-default elementor-section-height-default\" data-id=\"fb39c9b\" data-element_type=\"section\" data-settings=\"{&quot;background_background&quot;:&quot;classic&quot;}\">\n\t\t\t\t\t\t<div class=\"elementor-container elementor-column-gap-default\">\n\t\t\t\t\t<div class=\" elementor-column elementor-col-100 elementor-top-column elementor-element elementor-element-8c5abb3\" data-fullscreen-column-settings=\"{&quot;fullscreen&quot;:&quot;&quot;}\" data-id=\"8c5abb3\" data-element_type=\"column\">\n\t\t\t<div class=\"elementor-widget-wrap elementor-element-populated\">\n\t\t\t\t\t\t<div class=\"elementor-element elementor-element-ddb3fdf elementor-widget elementor-widget-text-editor\" data-id=\"ddb3fdf\" data-element_type=\"widget\" data-widget_type=\"text-editor.default\">\n\t\t\t\t<div class=\"elementor-widget-container\">\n\t\t\t\t\t\t\t\t\t<h1><strong>TERMS OF USE AND PRIVACY POLICY OF THE DISFRUTONES CLUB<\/strong><\/h1>\t\t\t\t\t\t\t\t<\/div>\n\t\t\t\t<\/div>\n\t\t\t\t<div class=\"elementor-element elementor-element-fa1c3ae elementor-widget elementor-widget-text-editor\" data-id=\"fa1c3ae\" data-element_type=\"widget\" data-widget_type=\"text-editor.default\">\n\t\t\t\t<div class=\"elementor-widget-container\">\n\t\t\t\t\t\t\t\t\t<h2 style=\"font-size: 24px;\">1. PRIOR INFORMATION<\/h2> Before joining the Club, it is important that you read and accept the following terms and privacy policy. These terms govern the relationship between the Joint Controllers and the members of the Club (hereinafter, MEMBERS).\n\nThese Terms of Use constitute a legally binding contract. If the user does not accept these Terms of Use, they will not be able to access and use the Service.\n\nApplicable regulations:\n\n<ul> <li>REGULATION (EU) 2016\/679 OF THE EUROPEAN PARLIAMENT AND OF THE COUNCIL of 27th April 2016 on the protection of natural persons concerning the processing of personal data and on the free movement of such data, repealing Directive 95\/46\/EC (General Data Protection Regulation).<\/li> <li>Organic Law 3\/2018, of 5th December, on Personal Data Protection and Guarantee of Digital Rights.<\/li> <li>Law 34\/2002, of 11th July, on Information Society Services and Electronic Commerce.<\/li> <\/ul>\n\n<h2 style=\"font-size: 24px;\">2. JOINT CONTROLLERS OF THE DATA PROCESSING<\/h2> The Club is a joint initiative of the following entities:\n\n<ul> <li>Grupo Lar Inversiones Inmobiliarias, S.A, located at C\/Mar\u00eda de Molina 39, 10th Floor, 28007 Madrid.<\/li> <li>Community of Property Owners of C.C. Portal de la Marina (C.C. Portal de la Marina), located at Avda. Costa Blanca, 1, 03760 Ondara (Alicante).<\/li> <li>Le Retail Lagoh, S.L.U, located at Avda. de Palmas Altas, 1, 41012 Seville.<\/li> <li>Community of Property Owners of C.C. Albacenter (C.C. Albacenter), located at C\/Alcalde de Conangla, s\/n, 02006 Albacete.<\/li> <li>Le Retail \u00c0necblau, S.L, located at Avda. Canal Olimpic, 24, 08860, Castelldefels (Barcelona).<\/li> <li>Le Retail El Rosal, S.L. (C.C. El Rosal), located at Avda. Constituci\u00f3n, 2, 24404 Ponferrada.<\/li> <li>Community of Property Owners of C.C. As Termas (C.C. As Termas), located at Avda. Infanta Elena, Duquesa de Lugo, 213, Lugo.<\/li> <li>Le Retail Gran V\u00eda de Vigo, S.L. (C.C. Gran V\u00eda de Vigo), located at R\u00faa Miradoiro, 2, 36210 Vigo (Pontevedra).<\/li> <\/ul> All these entities are considered Joint Controllers of the data processing (you can access the summary of the joint responsibility agreement by clicking<strong> <a href=\"https:\/\/www.portaldelamarina.org\/wp-content\/uploads\/2023\/11\/acuerdo-de-corresponsabilidad.pdf\" target=\"_blank\" rel=\"nofollow noopener noreferrer\">here<\/a><\/strong>).\n\n<h2 style=\"font-size: 24px;\">3. MAIN OBJECTIVE OF THE CLUB AND ITS BENEFITS<\/h2> Keeping Members informed about all the news, activities, and services carried out by the joint controlling entities.\n\nAdditionally, membership provides access to the following benefits, exclusive to Club members:\n\n<ul> <li>Access to Wi-Fi networks in the designated shopping centers.<\/li> <li>Participation in giveaways and events organized by these entities.<\/li> <li>Discounts at stores in shopping centers affiliated with the Club.<\/li> <li>Use of children&#8217;s playrooms in shopping centers that have this service.<\/li> <li>Shopping from operators in the Marketplace with discounts.<\/li> <li>Enjoying exclusive experiences.<\/li> <li>Discounts with external partners of the shopping center in the locations offering this service.<\/li> <\/ul>\n\n<h2 style=\"font-size: 24px;\">4. CLUB OPERATION AND DATA PROCESSING<\/h2>\n\n<ul> <li><strong>Minimum Age.<\/strong><\/li> <\/ul> To join the Club, you must be at least 18 years old, and the user is responsible for the accuracy of the data provided at registration.\n\n<ul> <li><strong>Club Registration\/Joining.<\/strong><\/li> <\/ul> Membership can be obtained through the website of one of the specified shopping centers, by connecting to the Wi-Fi network (in one of the centers), or by downloading the App.\n\nPlease note that only one membership account can be registered per user. If it is detected that a user has registered more than one account, the duplicate account will be canceled, and the personal data entered in the second account will be immediately deleted.\n\nThe data provided for registration, as well as the data added by the Member via the My Account section, will be incorporated into a database to manage the Club\u2019s services.\n\nThese data will only be accessible and managed by the shopping center where the Member registers and by Grupo Lar Inversiones Inmobiliarias, S.A.\n\nIf a member visits another shopping center (from the list above) and wants to use the benefits, they only need to log in using their Club username and password (as a registered user). The system will automatically identify the user using these credentials and enable the center to access their data.\n\n<ul> <li><strong>Management of the My Account section: personal data.<\/strong><\/li> <\/ul> The My Account area is a private section where Members can complete and edit the general data of their profile:\n\n<ul> <li>Full name.<\/li> <li>Postal address.<\/li> <li>Phone number.<\/li> <li>Password.<\/li> <\/ul> Additionally, specific data can be completed and edited:\n\n<ul> <li>Access data.<\/li> <li>Preferred communication channel.<\/li> <\/ul> For more information about managing My Account, you can check the frequently asked questions in My Account<em>.<\/em>\n\n<ul> <li><strong>Other personal data collected by the system.<\/strong><\/li> <\/ul> When in the Shopping Center where you are registered, Wi-Fi access points may collect parameters from your device, such as IP, MAC, and radiofrequency identifier. These parameters will help provide information relevant to promotions, activities, services happening near the Wi-Fi access point where you are.\n\nThese data will only be collected if your Wi-Fi interface is enabled.\n\nNo data will be collected if your device has a low battery level during that time or if you have not stayed near a Wi-Fi access point long enough.\n\n<ul> <li><strong>Main use and purpose of the collected data.<\/strong><\/li> <\/ul> <strong> <\/strong>The collected data (general, specific, and device identification at a shopping center) will be used for the main purpose of your Club membership: to provide you with information about activities, promotions, campaigns, etc., from the organizations promoting the Club (Grupo Lar Inversiones Inmobiliarias, S.A. and the shopping center you joined, including others where you decide to activate membership later).\n\nThis will be carried out in two ways:\n\n<ul> <li>Segmentation: using general and specific data to categorize members and send information relevant to those categories (e.g., communications for people with kids; communications to individuals aged between 30-40, etc.).<\/li> <li>Profile Building: a) by combining device identification data collected at Wi-Fi access points, we can build profiles based on location to send you more relevant information; b) by analyzing your interactions with our emails and communications, we will better understand your behavior, responses, and assign scores regarding the likelihood of your interest in the sent content, optimizing future communications and meeting your preferences without implementing automated decision-making processes that could have legal or similarly significant effects on you (you can find more details at https:\/\/resources.docs.salesforce.com\/latest\/latest\/en-us\/sfdc\/pdf\/salesforce_ai_model_cards.pdf).<\/li> <\/ul> The ultimate goal is to avoid overloading members with irrelevant information and focus it on content that truly offers advantages and satisfies their personal interests.\n\n<ul> <li><strong>Data use for security purposes.<\/strong><\/li> <\/ul> The Member&#8217;s identification data (email) will be used to prevent any security incidents associated with identity theft and ensure the safety of the data.\n\nSimilarly, contact data may be used to notify members of any security incident in the system where their data is processed.\n\n<ul> <li><strong>Unsubscribing from the Club.<\/strong><\/li> <\/ul> Unsubscribing from the Club can be done directly through the My Account area. Once the Member requests to unsubscribe, they will receive a confirmation (via email or message), and their access to My Account will be automatically removed.\n\nUnsubscribing can also be requested by sending an email, providing identification details, to <a href=\"mailto:hola@elclubdelosdisfrutones.com\">hola@elclubdelosdisfrutones.com<\/a>. Once the request is received and processed, a confirmation (via email or message) will be sent, and access to My Account will be automatically removed.\n\n<h2 style=\"font-size: 24px;\">5. LEGITIMACY OF DATA PROCESSING<\/h2> The legitimacy of data processing is based on the contractual relationship in the case of Club membership.\n\nFor the communication of data to other entities within Lar Espa\u00f1a (LE Retail Hiper Ondara, S.L.U, LE Retail As Termas, S.L.U. LE Retail Albacenter, S.L.U.), the legitimacy will be based on the Member&#8217;s consent, if granted.\n\nConsent can be withdrawn at any time, although the processing performed up to that date will remain valid. To withdraw this consent, the Member can request it by sending an email to <a href=\"mailto:hola@elclubdelosdisfrutones.com\">hola@elclubdelosdisfrutones.com<\/a>, stating &#8220;Withdrawal of Consent&#8221; in the subject line and including their identification details in the message body.\n\n<h2 style=\"font-size: 24px;\">6. DATA RETENTION PERIOD<\/h2> The data will be retained as long as the Member\u2019s relationship with the Club persists. If a Member unsubscribes, their data may be stored, appropriately blocked, for a maximum of one year unless there is a legal claim that requires their retention until the legal process concludes.\n\nFor authorizations related to the communication of data to other Lar Espa\u00f1a entities (LE Retail Hiper Ondara, S.L.U, LE Retail As Termas, S.L.U. LE Retail Albacenter, S.L.U.), the data will be retained until consent is withdrawn.\n\n<h2 style=\"font-size: 24px;\">7. DATA COMMUNICATION TO THIRD PARTIES AND INTERNATIONAL DATA TRANSFERS<\/h2>\n\n<ul> <li>With the Member&#8217;s consent, the data will be communicated to other Lar Espa\u00f1a entities (LE Retail Hiper Ondara, S.L.U, LE Retail As Termas, S.L.U. LE Retail Albacenter, S.L.U.).<\/li> <li>The data will be communicated to the data processors of the Club\u2019s entities for managing the membership database, collecting data, and managing communications.<\/li> <li>For the purpose of creating Member profiles via the &#8220;Salesforce Einstein&#8221; tool, there will be an International Data Transfer to the U.S. and any other country where Salesforce&#8217;s sub-processors operate. These transfers will be made through standard contractual clauses and Binding Corporate Rules (you can find more information at <a href=\"https:\/\/www.salesforce.com\/content\/dam\/web\/en_us\/www\/documents\/legal\/Agreements\/data-processing-addendum.pdf\">https:\/\/www.salesforce.com\/content\/dam\/web\/en_us\/www\/documents\/legal\/Agreements\/data-processing-addendum.pdf<\/a> (&#8220;Data Processing Addendum&#8221;), <a href=\"https:\/\/www.salesforce.com\/eu\/blog\/2021\/09\/salesforce-dpa-update-contractual-clauses.html\">https:\/\/www.salesforce.com\/eu\/blog\/2021\/09\/salesforce-dpa-update-contractual-clauses.html<\/a> (&#8220;Salesforce Updates DPA to Include the New Standard Contractual Clauses&#8221;), and <a href=\"https:\/\/www.salesforce.com\/content\/dam\/web\/en_us\/www\/documents\/legal\/Agreements\/SFDC-Online-Transfer-Risk-Assessment-Whitepaper-for-Customers-(Salesforce-Services)-february-2022.pdf\">https:\/\/www.salesforce.com\/content\/dam\/web\/en_us\/www\/documents\/legal\/Agreements\/SFDC-Online-Transfer-Risk-Assessment-Whitepaper-for-Customers-(Salesforce-Services)-february-2022.pdf<\/a> (&#8220;Salesforce Transfer Impact Assessment Whitepaper&#8221;)).<\/li> <\/ul>\n\n<h2 style=\"font-size: 24px;\">8. EXERCISING MEMBER RIGHTS<\/h2>\n\n<ul> <li>Access: the right to obtain confirmation of whether your personal data is being processed and, if so, the right to know which data, for what purpose, how long they will be stored, their origin, and whether they have been or will be disclosed to third parties.<\/li> <li>Correction: the right to request the rectification of inaccurate data and complete incomplete personal data.<\/li> <li>Erasure: the right to request the deletion of personal data when they are inappropriate, excessive, or no longer necessary for the purposes for which they were collected, including the right to be forgotten.<\/li> <li>Objection: the right to object, in certain circumstances, to the processing of your personal data or request that it stops.<\/li> <li>Restriction of Processing: the right to request, under legally established circumstances, that your data be limited to mere storage.<\/li> <li>Portability: the right to receive personal data in a structured, commonly used, and machine-readable format and to transfer them to another controller, whenever technically feasible.<\/li> <li>The right to withdraw consent for the communication of data to other Lar Espa\u00f1a entities (LE Retail Hiper Ondara, S.L.U, LE Retail As Termas, S.L.U. LE Retail Albacenter, S.L.U.), without affecting any processing performed before the withdrawal.<\/li> <\/ul> The exercise of rights must be made in writing, addressed to <a href=\"mailto:hola@elclubdelosdisfrutones.com\">hola@elclubdelosdisfrutones.com<\/a>, or via the My Account section. The data controllers provide templates for exercising these rights, which can be requested through the mentioned email address. For more information: <a href=\"http:\/\/www.aepd.es\">www.aepd.es<\/a>.\n\nIf your rights are not respected, you can file a complaint by writing to the Spanish Data Protection Agency at Calle Jorge Juan, 6-28001-Madrid or using the electronic headquarters: <a href=\"https:\/\/sedeagpd.gob.es\/\">https:\/\/sedeagpd.gob.es<\/a>. In both cases, relevant documentation must be included.\t\t\t\t\t\t\t\t<\/div>\n\t\t\t\t<\/div>\n\t\t\t\t\t<\/div>\n\t\t<\/div>\n\t\t\t\t\t<\/div>\n\t\t<\/section>\n\t\t\t\t<\/div>\n\t\t","protected":false},"excerpt":{"rendered":"<p>TERMS OF USE AND PRIVACY POLICY OF THE DISFRUTONES CLUB 1. PRIOR INFORMATION Before joining the Club, it is important that you read and accept the following terms and privacy policy. These terms govern the relationship between the Joint Controllers and the members of the Club (hereinafter, MEMBERS). These Terms of Use constitute a legally [&hellip;]<\/p>\n","protected":false},"author":3,"featured_media":0,"parent":0,"menu_order":233,"comment_status":"closed","ping_status":"closed","template":"","meta":{"footnotes":""},"class_list":["post-80362","page","type-page","status-publish","hentry"],"yoast_head":"<!-- This site is optimized with the Yoast SEO plugin v25.4 - https:\/\/yoast.com\/wordpress\/plugins\/seo\/ -->\n<title>TERMS OF USE AND PRIVACY POLICY OF DISFRUTONES CLUB | Portal de la Marina Shopping Center<\/title>\n<meta name=\"description\" content=\"TERMS OF USE AND PRIVACY POLICY OF THE DISFRUTONES CLUB 1. PRIOR INFORMATION Before joining the Club, it is important that you read and accept the\" \/>\n<meta name=\"robots\" content=\"noindex, follow\" \/>\n<meta property=\"og:locale\" content=\"en_US\" \/>\n<meta property=\"og:type\" content=\"article\" \/>\n<meta property=\"og:title\" content=\"TERMS OF USE AND PRIVACY POLICY OF DISFRUTONES CLUB | Portal de la Marina Shopping Center\" \/>\n<meta property=\"og:description\" content=\"TERMS OF USE AND PRIVACY POLICY OF THE DISFRUTONES CLUB 1. PRIOR INFORMATION Before joining the Club, it is important that you read and accept the\" \/>\n<meta property=\"og:url\" content=\"https:\/\/www.portaldelamarina.org\/en\/terms-of-use-and-privacy-policy-of-disfrutones-club\/\" \/>\n<meta property=\"og:site_name\" content=\"Centro Comercial Portal de la Marina\" \/>\n<meta property=\"article:modified_time\" content=\"2025-10-31T10:23:56+00:00\" \/>\n<meta name=\"twitter:card\" content=\"summary_large_image\" \/>\n<meta name=\"twitter:label1\" content=\"Est. reading time\" \/>\n\t<meta name=\"twitter:data1\" content=\"9 minutes\" \/>\n<!-- \/ Yoast SEO plugin. -->","yoast_head_json":{"title":"TERMS OF USE AND PRIVACY POLICY OF DISFRUTONES CLUB | Portal de la Marina Shopping Center","description":"TERMS OF USE AND PRIVACY POLICY OF THE DISFRUTONES CLUB 1. PRIOR INFORMATION Before joining the Club, it is important that you read and accept the","robots":{"index":"noindex","follow":"follow"},"og_locale":"en_US","og_type":"article","og_title":"TERMS OF USE AND PRIVACY POLICY OF DISFRUTONES CLUB | Portal de la Marina Shopping Center","og_description":"TERMS OF USE AND PRIVACY POLICY OF THE DISFRUTONES CLUB 1. PRIOR INFORMATION Before joining the Club, it is important that you read and accept the","og_url":"https:\/\/www.portaldelamarina.org\/en\/terms-of-use-and-privacy-policy-of-disfrutones-club\/","og_site_name":"Centro Comercial Portal de la Marina","article_modified_time":"2025-10-31T10:23:56+00:00","twitter_card":"summary_large_image","twitter_misc":{"Est. reading time":"9 minutes"},"schema":{"@context":"https:\/\/schema.org","@graph":[{"@type":"WebPage","@id":"https:\/\/www.portaldelamarina.org\/en\/terms-of-use-and-privacy-policy-of-disfrutones-club\/","url":"https:\/\/www.portaldelamarina.org\/en\/terms-of-use-and-privacy-policy-of-disfrutones-club\/","name":"TERMS OF USE AND PRIVACY POLICY OF DISFRUTONES CLUB | Portal de la Marina Shopping Center","isPartOf":{"@id":"https:\/\/www.portaldelamarina.org\/en\/#website"},"datePublished":"2025-03-19T16:12:36+00:00","dateModified":"2025-10-31T10:23:56+00:00","description":"TERMS OF USE AND PRIVACY POLICY OF THE DISFRUTONES CLUB 1. PRIOR INFORMATION Before joining the Club, it is important that you read and accept the","breadcrumb":{"@id":"https:\/\/www.portaldelamarina.org\/en\/terms-of-use-and-privacy-policy-of-disfrutones-club\/#breadcrumb"},"inLanguage":"en-US","potentialAction":[{"@type":"ReadAction","target":["https:\/\/www.portaldelamarina.org\/en\/terms-of-use-and-privacy-policy-of-disfrutones-club\/"]}]},{"@type":"BreadcrumbList","@id":"https:\/\/www.portaldelamarina.org\/en\/terms-of-use-and-privacy-policy-of-disfrutones-club\/#breadcrumb","itemListElement":[{"@type":"ListItem","position":1,"name":"Portada","item":"https:\/\/www.portaldelamarina.org\/en\/"},{"@type":"ListItem","position":2,"name":"TERMS OF USE AND PRIVACY POLICY OF DISFRUTONES CLUB"}]},{"@type":"WebSite","@id":"https:\/\/www.portaldelamarina.org\/en\/#website","url":"https:\/\/www.portaldelamarina.org\/en\/","name":"Centro Comercial Portal de la Marina","description":"Centro Comercial Ondara | Portal de la Marina","publisher":{"@id":"https:\/\/www.portaldelamarina.org\/en\/#organization"},"potentialAction":[{"@type":"SearchAction","target":{"@type":"EntryPoint","urlTemplate":"https:\/\/www.portaldelamarina.org\/en\/?s={search_term_string}"},"query-input":{"@type":"PropertyValueSpecification","valueRequired":true,"valueName":"search_term_string"}}],"inLanguage":"en-US"},{"@type":"Organization","@id":"https:\/\/www.portaldelamarina.org\/en\/#organization","name":"Portal de la Marina","alternateName":"Centro Comercial Ondara | Portal de la Marina","url":"https:\/\/www.portaldelamarina.org\/en\/","logo":{"@type":"ImageObject","inLanguage":"en-US","@id":"https:\/\/www.portaldelamarina.org\/en\/#\/schema\/logo\/image\/","url":"https:\/\/www.portaldelamarina.org\/wp-content\/uploads\/2024\/10\/cropped-favicon-portal-de-la-marina.jpg","contentUrl":"https:\/\/www.portaldelamarina.org\/wp-content\/uploads\/2024\/10\/cropped-favicon-portal-de-la-marina.jpg","width":512,"height":512,"caption":"Portal de la Marina"},"image":{"@id":"https:\/\/www.portaldelamarina.org\/en\/#\/schema\/logo\/image\/"}}]}},"publishpress_future_action":{"enabled":false,"date":"2026-05-04 11:59:46","action":"change-status","newStatus":"draft","terms":[],"taxonomy":"translation_priority"},"publishpress_future_workflow_manual_trigger":{"enabledWorkflows":[]},"_links":{"self":[{"href":"https:\/\/www.portaldelamarina.org\/en\/wp-json\/wp\/v2\/pages\/80362","targetHints":{"allow":["GET"]}}],"collection":[{"href":"https:\/\/www.portaldelamarina.org\/en\/wp-json\/wp\/v2\/pages"}],"about":[{"href":"https:\/\/www.portaldelamarina.org\/en\/wp-json\/wp\/v2\/types\/page"}],"author":[{"embeddable":true,"href":"https:\/\/www.portaldelamarina.org\/en\/wp-json\/wp\/v2\/users\/3"}],"replies":[{"embeddable":true,"href":"https:\/\/www.portaldelamarina.org\/en\/wp-json\/wp\/v2\/comments?post=80362"}],"version-history":[{"count":5,"href":"https:\/\/www.portaldelamarina.org\/en\/wp-json\/wp\/v2\/pages\/80362\/revisions"}],"predecessor-version":[{"id":83244,"href":"https:\/\/www.portaldelamarina.org\/en\/wp-json\/wp\/v2\/pages\/80362\/revisions\/83244"}],"wp:attachment":[{"href":"https:\/\/www.portaldelamarina.org\/en\/wp-json\/wp\/v2\/media?parent=80362"}],"curies":[{"name":"wp","href":"https:\/\/api.w.org\/{rel}","templated":true}]}}